{"id":450,"date":"2022-11-28T14:50:56","date_gmt":"2022-11-28T13:50:56","guid":{"rendered":"https:\/\/dev.ekium-automation.com\/?page_id=450"},"modified":"2024-02-19T09:48:59","modified_gmt":"2024-02-19T08:48:59","slug":"it-automation","status":"publish","type":"page","link":"https:\/\/ekium-automation.com\/en\/it-automation\/","title":{"rendered":"IT Automation"},"content":{"rendered":"<p>[et_pb_section fb_built=\u00a0\u00bb1&Prime; _builder_version=\u00a0\u00bb4.19.4&Prime; _module_preset=\u00a0\u00bbdefault\u00a0\u00bb background_color=\u00a0\u00bbgcid-e85a64ea-5ec6-48ac-b3e2-777599411d80&Prime; height=\u00a0\u00bb290px\u00a0\u00bb custom_margin=\u00a0\u00bb-18px||||false|false\u00a0\u00bb custom_padding=\u00a0\u00bb||||false|false\u00a0\u00bb hover_enabled=\u00a0\u00bb0&Prime; global_colors_info=\u00a0\u00bb{%22gcid-e85a64ea-5ec6-48ac-b3e2-777599411d80%22:%91%22background_color%22%93}\u00a0\u00bb sticky_enabled=\u00a0\u00bb0&Prime;][et_pb_row column_structure=\u00a0\u00bb1_2,1_2&Prime; _builder_version=\u00a0\u00bb4.19.4&Prime; _module_preset=\u00a0\u00bbdefault\u00a0\u00bb max_width=\u00a0\u00bb1500px\u00a0\u00bb custom_padding=\u00a0\u00bb3px|||||\u00a0\u00bb global_colors_info=\u00a0\u00bb{}\u00a0\u00bb][et_pb_column type=\u00a0\u00bb1_2&Prime; _builder_version=\u00a0\u00bb4.19.4&Prime; _module_preset=\u00a0\u00bbdefault\u00a0\u00bb global_colors_info=\u00a0\u00bb{}\u00a0\u00bb][et_pb_text _builder_version=\u00a0\u00bb4.19.4&Prime; text_font=\u00a0\u00bb||||||||\u00a0\u00bb text_text_color=\u00a0\u00bb#000000&Prime; header_font=\u00a0\u00bbRubik|700|||||||\u00a0\u00bb header_font_size=\u00a0\u00bb64px\u00a0\u00bb header_line_height=\u00a0\u00bb1.1em\u00a0\u00bb background_layout=\u00a0\u00bbdark\u00a0\u00bb max_width=\u00a0\u00bb800px\u00a0\u00bb custom_margin=\u00a0\u00bb60px||0px||false|false\u00a0\u00bb custom_padding=\u00a0\u00bb|||16px\u00a0\u00bb hover_enabled=\u00a0\u00bb0&Prime; text_font_size_tablet=\u00a0\u00bb14px\u00a0\u00bb text_font_size_last_edited=\u00a0\u00bboff|desktop\u00a0\u00bb header_font_size_tablet=\u00a0\u00bb44px\u00a0\u00bb header_font_size_phone=\u00a0\u00bb32px\u00a0\u00bb header_font_size_last_edited=\u00a0\u00bbon|phone\u00a0\u00bb border_color_all=\u00a0\u00bbgcid-0a4b92a8-282c-43c3-b0a4-3f06cf73e5c5&Prime; border_width_left=\u00a0\u00bb10px\u00a0\u00bb global_colors_info=\u00a0\u00bb{%22gcid-0a4b92a8-282c-43c3-b0a4-3f06cf73e5c5%22:%91%22border_color_all%22%93}\u00a0\u00bb sticky_enabled=\u00a0\u00bb0&Prime;]<\/p>\n<h1><span style=\"color: #333333;\">IT Automation<\/span><\/h1>\n<p>[\/et_pb_text][\/et_pb_column][et_pb_column type=\u00a0\u00bb1_2&Prime; _builder_version=\u00a0\u00bb4.19.4&Prime; _module_preset=\u00a0\u00bbdefault\u00a0\u00bb global_colors_info=\u00a0\u00bb{}\u00a0\u00bb][\/et_pb_column][\/et_pb_row][\/et_pb_section][et_pb_section fb_built=\u00a0\u00bb1&Prime; _builder_version=\u00a0\u00bb4.18.0&Prime; _module_preset=\u00a0\u00bbdefault\u00a0\u00bb custom_margin=\u00a0\u00bb||-2px|||\u00a0\u00bb custom_padding=\u00a0\u00bb40px||28px|||\u00a0\u00bb global_colors_info=\u00a0\u00bb{}\u00a0\u00bb][et_pb_row _builder_version=\u00a0\u00bb4.19.4&Prime; _module_preset=\u00a0\u00bbdefault\u00a0\u00bb max_width=\u00a0\u00bb1500px\u00a0\u00bb custom_padding=\u00a0\u00bb11px||0px|||\u00a0\u00bb global_colors_info=\u00a0\u00bb{}\u00a0\u00bb][et_pb_column type=\u00a0\u00bb4_4&Prime; _builder_version=\u00a0\u00bb4.18.0&Prime; _module_preset=\u00a0\u00bbdefault\u00a0\u00bb global_colors_info=\u00a0\u00bb{}\u00a0\u00bb][et_pb_text _builder_version=\u00a0\u00bb4.19.4&Prime; _module_preset=\u00a0\u00bbdefault\u00a0\u00bb text_font=\u00a0\u00bb|700||on|||||\u00a0\u00bb text_text_color=\u00a0\u00bbgcid-0a4b92a8-282c-43c3-b0a4-3f06cf73e5c5&Prime; text_font_size=\u00a0\u00bb22px\u00a0\u00bb custom_margin=\u00a0\u00bb||23px|||\u00a0\u00bb hover_enabled=\u00a0\u00bb0&Prime; global_colors_info=\u00a0\u00bb{%22gcid-0a4b92a8-282c-43c3-b0a4-3f06cf73e5c5%22:%91%22text_text_color%22%93}\u00a0\u00bb sticky_enabled=\u00a0\u00bb0&Prime;]<\/p>\n<p>the IT offer<\/p>\n<p>[\/et_pb_text][et_pb_text _builder_version=\u00a0\u00bb4.18.0&Prime; _module_preset=\u00a0\u00bbdefault\u00a0\u00bb text_text_color=\u00a0\u00bb#000000&Prime; global_colors_info=\u00a0\u00bb{}\u00a0\u00bb]<\/p>\n<p><span style=\"font-size: 14px;\">EKIUM is one of the largest and, above all, one of the only Industrial IT companies to offer solutions that cover needs from the shop floor (OT), through to the Information System and its Infrastructure (IT), while including appropriate considerations relating to Cybersecurity.<\/span><\/p>\n<p>[\/et_pb_text][\/et_pb_column][\/et_pb_row][et_pb_row column_structure=\u00a0\u00bb1_3,1_3,1_3&Prime; _builder_version=\u00a0\u00bb4.19.4&Prime; _module_preset=\u00a0\u00bbdefault\u00a0\u00bb max_width=\u00a0\u00bb1500px\u00a0\u00bb custom_margin=\u00a0\u00bb15px|auto||auto||\u00a0\u00bb custom_padding=\u00a0\u00bb||0px|||\u00a0\u00bb hover_enabled=\u00a0\u00bb0&Prime; global_colors_info=\u00a0\u00bb{}\u00a0\u00bb sticky_enabled=\u00a0\u00bb0&Prime;][et_pb_column type=\u00a0\u00bb1_3&Prime; _builder_version=\u00a0\u00bb4.19.4&Prime; _module_preset=\u00a0\u00bbdefault\u00a0\u00bb hover_enabled=\u00a0\u00bb0&Prime; border_width_right=\u00a0\u00bb2px\u00a0\u00bb border_color_right=\u00a0\u00bbgcid-0a4b92a8-282c-43c3-b0a4-3f06cf73e5c5&Prime; global_colors_info=\u00a0\u00bb{%22gcid-0a4b92a8-282c-43c3-b0a4-3f06cf73e5c5%22:%91%22border_color_right%22%93}\u00a0\u00bb sticky_enabled=\u00a0\u00bb0&Prime;][et_pb_text _builder_version=\u00a0\u00bb4.19.4&Prime; _module_preset=\u00a0\u00bbdefault\u00a0\u00bb text_font=\u00a0\u00bb|700||on|||||\u00a0\u00bb text_text_color=\u00a0\u00bbgcid-0a4b92a8-282c-43c3-b0a4-3f06cf73e5c5&Prime; text_font_size=\u00a0\u00bb22px\u00a0\u00bb custom_margin=\u00a0\u00bb||23px|||\u00a0\u00bb hover_enabled=\u00a0\u00bb0&Prime; global_colors_info=\u00a0\u00bb{%22gcid-0a4b92a8-282c-43c3-b0a4-3f06cf73e5c5%22:%91%22text_text_color%22%93}\u00a0\u00bb sticky_enabled=\u00a0\u00bb0&Prime;]<\/p>\n<p><b>Our offer is comprehensive and cross-disciplinary<\/b><\/p>\n<p>[\/et_pb_text][et_pb_text _builder_version=\u00a0\u00bb4.18.0&Prime; _module_preset=\u00a0\u00bbdefault\u00a0\u00bb text_text_color=\u00a0\u00bb#000000&Prime; global_colors_info=\u00a0\u00bb{}\u00a0\u00bb]<\/p>\n<p><b>All phases of the project<\/b><\/p>\n<ul>\n<li>Audits<\/li>\n<li>Expertise - Support - Advice<\/li>\n<li>Studies \/ Implementation \/ Deployment<\/li>\n<li>Training<\/li>\n<li>Operating aid :\n<ul>\n<li>Maintenance \/ Outsourcing<\/li>\n<\/ul>\n<\/li>\n<\/ul>\n<p><b>Dual culture and skills<\/b><\/p>\n<ul>\n<li>Process Knowledge<\/li>\n<li>IS knowledge<\/li>\n<\/ul>\n<p>&nbsp;<\/p>\n<p>&nbsp;<\/p>\n<p>&nbsp;<\/p>\n<p>&nbsp;<\/p>\n<p>&nbsp;<\/p>\n<p>&nbsp;<\/p>\n<p>[\/et_pb_text][\/et_pb_column][et_pb_column type=\u00a0\u00bb1_3&Prime; _builder_version=\u00a0\u00bb4.19.4&Prime; _module_preset=\u00a0\u00bbdefault\u00a0\u00bb hover_enabled=\u00a0\u00bb0&Prime; border_width_right=\u00a0\u00bb2px\u00a0\u00bb global_colors_info=\u00a0\u00bb{%22gcid-0a4b92a8-282c-43c3-b0a4-3f06cf73e5c5%22:%91%22border_color_all%22,%22border_color_right%22%93}\u00a0\u00bb border_color_all=\u00a0\u00bbgcid-0a4b92a8-282c-43c3-b0a4-3f06cf73e5c5&Prime; sticky_enabled=\u00a0\u00bb0&Prime;][et_pb_text _builder_version=\u00a0\u00bb4.19.4&Prime; _module_preset=\u00a0\u00bbdefault\u00a0\u00bb text_font=\u00a0\u00bb|700||on|||||\u00a0\u00bb text_text_color=\u00a0\u00bbgcid-0a4b92a8-282c-43c3-b0a4-3f06cf73e5c5&Prime; text_font_size=\u00a0\u00bb22px\u00a0\u00bb custom_margin=\u00a0\u00bb||23px|||\u00a0\u00bb hover_enabled=\u00a0\u00bb0&Prime; global_colors_info=\u00a0\u00bb{%22gcid-0a4b92a8-282c-43c3-b0a4-3f06cf73e5c5%22:%91%22text_text_color%22%93}\u00a0\u00bb sticky_enabled=\u00a0\u00bb0&Prime;]<\/p>\n<p>Virtualisation: Industrial Bundle<\/p>\n<p>[\/et_pb_text][et_pb_text _builder_version=\u00a0\u00bb4.18.0&Prime; _module_preset=\u00a0\u00bbdefault\u00a0\u00bb text_text_color=\u00a0\u00bb#000000&Prime; custom_padding=\u00a0\u00bb|25px||||\u00a0\u00bb global_colors_info=\u00a0\u00bb{}\u00a0\u00bb]<\/p>\n<p class=\"translation-block\">Ekium specialises in the <b>implementation of virtualised platforms<\/b> for industrial environments. System - Storage - Network - Security<\/p>\n<p>We offer packaged solutions combining : Performance - Security - Reliability - Continuity of operation<\/p>\n<p>The <b>advantages of these virtualisations <\/b>are numerous:<\/p>\n<ul>\n<li>Native redundancy for all or some components (applications, database, network, client workstations),<\/li>\n<li>Extremely easy hardware and software maintenance,<\/li>\n<li>System and application supervision,<\/li>\n<li>Highly flexible<\/li>\n<li>Easy to qualify modifications and secure deployments,<\/li>\n<li>Save time and space,<\/li>\n<li>Savings on procurement, administration and energy,<\/li>\n<li>Training - Upgrading skills.<\/li>\n<\/ul>\n<p>[\/et_pb_text][\/et_pb_column][et_pb_column type=\u00a0\u00bb1_3&Prime; _builder_version=\u00a0\u00bb4.18.0&Prime; _module_preset=\u00a0\u00bbdefault\u00a0\u00bb global_colors_info=\u00a0\u00bb{}\u00a0\u00bb][et_pb_text _builder_version=\u00a0\u00bb4.19.4&Prime; _module_preset=\u00a0\u00bbdefault\u00a0\u00bb text_font=\u00a0\u00bb|700||on|||||\u00a0\u00bb text_text_color=\u00a0\u00bbgcid-0a4b92a8-282c-43c3-b0a4-3f06cf73e5c5&Prime; text_font_size=\u00a0\u00bb22px\u00a0\u00bb custom_margin=\u00a0\u00bb||23px|||\u00a0\u00bb hover_enabled=\u00a0\u00bb0&Prime; global_colors_info=\u00a0\u00bb{%22gcid-0a4b92a8-282c-43c3-b0a4-3f06cf73e5c5%22:%91%22text_text_color%22%93}\u00a0\u00bb sticky_enabled=\u00a0\u00bb0&Prime;]<\/p>\n<p>Industrial Cybersecurity<\/p>\n<p>[\/et_pb_text][et_pb_text _builder_version=\u00a0\u00bb4.19.4&Prime; _module_preset=\u00a0\u00bbdefault\u00a0\u00bb text_text_color=\u00a0\u00bb#000000&Prime; custom_padding=\u00a0\u00bb7px|||||\u00a0\u00bb global_colors_info=\u00a0\u00bb{}\u00a0\u00bb]<\/p>\n<p>Ekium has been heavily involved in industrial cyber security for over 10 years.<\/p>\n<p><b>Our strengths:<\/b><\/p>\n<ul>\n<li style=\"text-align: left;\">Ekium Automation is a member of the new club <strong>Cyber OT<\/strong> of <strong>GIMELEC<\/strong><\/li>\n<li class=\"translation-block\">A combination of OT experience and IT expertise<\/li>\n<li>The <b>partnerships<\/b> with <b>actors<\/b> de confiance<\/li>\n<li class=\"translation-block\">Listening to all the players and the technical, operational and organisational issues at stake<\/li>\n<li class=\"translation-block\">A presence from <b>studies\/audits <\/b>up to implementation see industrial outsourcing.<\/li>\n<\/ul>\n<p>[\/et_pb_text][\/et_pb_column][\/et_pb_row][et_pb_row column_structure=\u00a0\u00bb1_3,1_3,1_3&Prime; _builder_version=\u00a0\u00bb4.19.4&Prime; _module_preset=\u00a0\u00bbdefault\u00a0\u00bb max_width=\u00a0\u00bb1500px\u00a0\u00bb custom_margin=\u00a0\u00bb29px|auto||auto||\u00a0\u00bb custom_padding=\u00a0\u00bb24px||0px|||\u00a0\u00bb global_colors_info=\u00a0\u00bb{}\u00a0\u00bb][et_pb_column type=\u00a0\u00bb1_3&Prime; _builder_version=\u00a0\u00bb4.18.0&Prime; _module_preset=\u00a0\u00bbdefault\u00a0\u00bb global_colors_info=\u00a0\u00bb{}\u00a0\u00bb][et_pb_text _builder_version=\u00a0\u00bb4.19.4&Prime; _module_preset=\u00a0\u00bbdefault\u00a0\u00bb text_font=\u00a0\u00bb|700||on|||||\u00a0\u00bb text_text_color=\u00a0\u00bbgcid-0a4b92a8-282c-43c3-b0a4-3f06cf73e5c5&Prime; text_font_size=\u00a0\u00bb22px\u00a0\u00bb width=\u00a0\u00bb99.3%\u00a0\u00bb custom_margin=\u00a0\u00bb||25px||false|false\u00a0\u00bb hover_enabled=\u00a0\u00bb0&Prime; global_colors_info=\u00a0\u00bb{%22gcid-0a4b92a8-282c-43c3-b0a4-3f06cf73e5c5%22:%91%22text_text_color%22%93}\u00a0\u00bb sticky_enabled=\u00a0\u00bb0&Prime;]<\/p>\n<p>Suppliers and partners<\/p>\n<p>[\/et_pb_text][et_pb_image src=\u00a0\u00bbhttp:\/\/dev.ekium-automation.com\/wp-content\/uploads\/2022\/11\/fournisseurParts.png\u00a0\u00bb title_text=\u00a0\u00bbfournisseurParts\u00a0\u00bb _builder_version=\u00a0\u00bb4.19.4&Prime; _module_preset=\u00a0\u00bbdefault\u00a0\u00bb custom_margin=\u00a0\u00bb||||false|false\u00a0\u00bb custom_padding=\u00a0\u00bb|0px|||false|false\u00a0\u00bb global_colors_info=\u00a0\u00bb{}\u00a0\u00bb][\/et_pb_image][\/et_pb_column][et_pb_column type=\u00a0\u00bb1_3&Prime; _builder_version=\u00a0\u00bb4.18.0&Prime; _module_preset=\u00a0\u00bbdefault\u00a0\u00bb global_colors_info=\u00a0\u00bb{}\u00a0\u00bb][et_pb_image src=\u00a0\u00bbhttp:\/\/dev.ekium-automation.com\/wp-content\/uploads\/2022\/11\/Image23.jpg\u00a0\u00bb title_text=\u00a0\u00bbImage23&Prime; _builder_version=\u00a0\u00bb4.18.0&Prime; _module_preset=\u00a0\u00bbdefault\u00a0\u00bb custom_padding=\u00a0\u00bb17px|||||\u00a0\u00bb global_colors_info=\u00a0\u00bb{}\u00a0\u00bb][\/et_pb_image][\/et_pb_column][et_pb_column type=\u00a0\u00bb1_3&Prime; _builder_version=\u00a0\u00bb4.18.0&Prime; _module_preset=\u00a0\u00bbdefault\u00a0\u00bb global_colors_info=\u00a0\u00bb{}\u00a0\u00bb][et_pb_text _builder_version=\u00a0\u00bb4.19.4&Prime; _module_preset=\u00a0\u00bbdefault\u00a0\u00bb text_font=\u00a0\u00bb|700||on|||||\u00a0\u00bb text_text_color=\u00a0\u00bbgcid-0a4b92a8-282c-43c3-b0a4-3f06cf73e5c5&Prime; text_font_size=\u00a0\u00bb22px\u00a0\u00bb custom_margin=\u00a0\u00bb||23px|||\u00a0\u00bb hover_enabled=\u00a0\u00bb0&Prime; global_colors_info=\u00a0\u00bb{%22gcid-0a4b92a8-282c-43c3-b0a4-3f06cf73e5c5%22:%91%22text_text_color%22%93}\u00a0\u00bb sticky_enabled=\u00a0\u00bb0&Prime;]<\/p>\n<p>Certifications<\/p>\n<p>[\/et_pb_text][et_pb_image src=\u00a0\u00bbhttps:\/\/ekium-automation.com\/wp-content\/uploads\/2023\/10\/crtificats.png\u00a0\u00bb title_text=\u00a0\u00bbcrtificats\u00a0\u00bb _builder_version=\u00a0\u00bb4.19.4&Prime; _module_preset=\u00a0\u00bbdefault\u00a0\u00bb global_colors_info=\u00a0\u00bb{}\u00a0\u00bb][\/et_pb_image][\/et_pb_column][\/et_pb_row][\/et_pb_section]<\/p>","protected":false},"excerpt":{"rendered":"<p>IT Automationl&rsquo;offre itEKIUM est l\u2019une des plus importantes et surtout, l\u2019une des seules soci\u00e9t\u00e9s d\u2019Informatique Industrielle \u00e0 proposer des solutions qui couvrent les besoins depuis l\u2019atelier (OT), jusqu\u2019au Syst\u00e8me d\u2019Information et son Infrastructure (IT) tout en y incluant les r\u00e9flexions adapt\u00e9es relatives \u00e0 la Cybers\u00e9curit\u00e9.Notre offre est globale et transverseToutes les phases du projet Audits [&hellip;]<\/p>","protected":false},"author":1,"featured_media":0,"parent":0,"menu_order":0,"comment_status":"closed","ping_status":"closed","template":"","meta":{"_et_pb_use_builder":"on","_et_pb_old_content":"","_et_gb_content_width":"","footnotes":""},"class_list":["post-450","page","type-page","status-publish","hentry"],"_links":{"self":[{"href":"https:\/\/ekium-automation.com\/en\/wp-json\/wp\/v2\/pages\/450","targetHints":{"allow":["GET"]}}],"collection":[{"href":"https:\/\/ekium-automation.com\/en\/wp-json\/wp\/v2\/pages"}],"about":[{"href":"https:\/\/ekium-automation.com\/en\/wp-json\/wp\/v2\/types\/page"}],"author":[{"embeddable":true,"href":"https:\/\/ekium-automation.com\/en\/wp-json\/wp\/v2\/users\/1"}],"replies":[{"embeddable":true,"href":"https:\/\/ekium-automation.com\/en\/wp-json\/wp\/v2\/comments?post=450"}],"version-history":[{"count":17,"href":"https:\/\/ekium-automation.com\/en\/wp-json\/wp\/v2\/pages\/450\/revisions"}],"predecessor-version":[{"id":1990,"href":"https:\/\/ekium-automation.com\/en\/wp-json\/wp\/v2\/pages\/450\/revisions\/1990"}],"wp:attachment":[{"href":"https:\/\/ekium-automation.com\/en\/wp-json\/wp\/v2\/media?parent=450"}],"curies":[{"name":"wp","href":"https:\/\/api.w.org\/{rel}","templated":true}]}}