{"id":318,"date":"2022-11-25T09:07:23","date_gmt":"2022-11-25T08:07:23","guid":{"rendered":"https:\/\/dev.ekium-automation.com\/?page_id=318"},"modified":"2025-11-19T16:49:17","modified_gmt":"2025-11-19T15:49:17","slug":"nos-bus","status":"publish","type":"page","link":"https:\/\/ekium-automation.com\/en\/nos-bus\/","title":{"rendered":"Nos BUs"},"content":{"rendered":"<p>[et_pb_section fb_built=\u00a0\u00bb1&Prime; _builder_version=\u00a0\u00bb4.19.4&Prime; _module_preset=\u00a0\u00bbdefault\u00a0\u00bb background_color=\u00a0\u00bbgcid-e85a64ea-5ec6-48ac-b3e2-777599411d80&Prime; height=\u00a0\u00bb290px\u00a0\u00bb custom_margin=\u00a0\u00bb-18px||||false|false\u00a0\u00bb custom_padding=\u00a0\u00bb||||false|false\u00a0\u00bb global_colors_info=\u00a0\u00bb{%22gcid-e85a64ea-5ec6-48ac-b3e2-777599411d80%22:%91%22background_color%22%93}\u00a0\u00bb][et_pb_row column_structure=\u00a0\u00bb1_2,1_2&Prime; _builder_version=\u00a0\u00bb4.19.4&Prime; _module_preset=\u00a0\u00bbdefault\u00a0\u00bb max_width=\u00a0\u00bb1500px\u00a0\u00bb custom_padding=\u00a0\u00bb0px|||||\u00a0\u00bb global_colors_info=\u00a0\u00bb{}\u00a0\u00bb][et_pb_column type=\u00a0\u00bb1_2&Prime; _builder_version=\u00a0\u00bb4.19.4&Prime; _module_preset=\u00a0\u00bbdefault\u00a0\u00bb global_colors_info=\u00a0\u00bb{}\u00a0\u00bb][et_pb_text _builder_version=\u00a0\u00bb4.19.4&Prime; text_font=\u00a0\u00bb||||||||\u00a0\u00bb text_text_color=\u00a0\u00bb#000000&Prime; header_font=\u00a0\u00bbRubik|700|||||||\u00a0\u00bb header_font_size=\u00a0\u00bb64px\u00a0\u00bb header_line_height=\u00a0\u00bb1.1em\u00a0\u00bb background_layout=\u00a0\u00bbdark\u00a0\u00bb max_width=\u00a0\u00bb800px\u00a0\u00bb custom_margin=\u00a0\u00bb60px||0px||false|false\u00a0\u00bb custom_padding=\u00a0\u00bb|||16px\u00a0\u00bb text_font_size_tablet=\u00a0\u00bb14px\u00a0\u00bb text_font_size_last_edited=\u00a0\u00bboff|desktop\u00a0\u00bb header_font_size_tablet=\u00a0\u00bb44px\u00a0\u00bb header_font_size_phone=\u00a0\u00bb32px\u00a0\u00bb header_font_size_last_edited=\u00a0\u00bbon|phone\u00a0\u00bb border_color_all=\u00a0\u00bbgcid-0a4b92a8-282c-43c3-b0a4-3f06cf73e5c5&Prime; border_width_left=\u00a0\u00bb10px\u00a0\u00bb global_colors_info=\u00a0\u00bb{%22gcid-0a4b92a8-282c-43c3-b0a4-3f06cf73e5c5%22:%91%22border_color_all%22%93}\u00a0\u00bb]<\/p>\n<h1><span style=\"color: #333333;\">Our activities<\/span><\/h1>\n<p>[\/et_pb_text][\/et_pb_column][et_pb_column type=\u00a0\u00bb1_2&Prime; _builder_version=\u00a0\u00bb4.19.4&Prime; _module_preset=\u00a0\u00bbdefault\u00a0\u00bb global_colors_info=\u00a0\u00bb{}\u00a0\u00bb][\/et_pb_column][\/et_pb_row][\/et_pb_section][et_pb_section fb_built=\u00a0\u00bb1&Prime; _builder_version=\u00a0\u00bb4.19.4&Prime; _module_preset=\u00a0\u00bbdefault\u00a0\u00bb background_enable_color=\u00a0\u00bboff\u00a0\u00bb custom_margin=\u00a0\u00bb||0px||false|false\u00a0\u00bb custom_padding=\u00a0\u00bb||34px||false|false\u00a0\u00bb animation_style=\u00a0\u00bbfade\u00a0\u00bb global_colors_info=\u00a0\u00bb{}\u00a0\u00bb][et_pb_row column_structure=\u00a0\u00bb1_3,1_3,1_3&Prime; _builder_version=\u00a0\u00bb4.19.4&Prime; _module_preset=\u00a0\u00bbdefault\u00a0\u00bb max_width=\u00a0\u00bb1500px\u00a0\u00bb animation_style=\u00a0\u00bbfade\u00a0\u00bb global_colors_info=\u00a0\u00bb{}\u00a0\u00bb][et_pb_column type=\u00a0\u00bb1_3&Prime; _builder_version=\u00a0\u00bb4.19.4&Prime; _module_preset=\u00a0\u00bbdefault\u00a0\u00bb global_colors_info=\u00a0\u00bb{}\u00a0\u00bb][et_pb_image src=\u00a0\u00bbhttps:\/\/ekium-automation.com\/wp-content\/uploads\/2023\/04\/industrial-automation.jpg\u00a0\u00bb title_text=\u00a0\u00bbindustrial-automation\u00a0\u00bb url=\u00a0\u00bbhttps:\/\/ekium-automation.com\/industry-automation-v2\/\u00a0\u00bb force_fullwidth=\u00a0\u00bbon\u00a0\u00bb _builder_version=\u00a0\u00bb4.19.4&Prime; _module_preset=\u00a0\u00bbdefault\u00a0\u00bb height=\u00a0\u00bb280px\u00a0\u00bb max_height=\u00a0\u00bb300px\u00a0\u00bb custom_margin=\u00a0\u00bb||29px|||\u00a0\u00bb custom_padding=\u00a0\u00bb|0px||0px||\u00a0\u00bb border_radii=\u00a0\u00bbon|10px|10px|10px|10px\u00a0\u00bb border_color_left=\u00a0\u00bb#F59424&Prime; global_colors_info=\u00a0\u00bb{}\u00a0\u00bb][\/et_pb_image][et_pb_text _builder_version=\u00a0\u00bb4.19.4&Prime; _module_preset=\u00a0\u00bbdefault\u00a0\u00bb text_font=\u00a0\u00bb|700|||||||\u00a0\u00bb text_text_color=\u00a0\u00bb#353535&Prime; text_font_size=\u00a0\u00bb26px\u00a0\u00bb custom_margin=\u00a0\u00bb28px||14px|||\u00a0\u00bb link_option_url=\u00a0\u00bbhttps:\/\/ekium-automation.com\/industry-automation-v2\/\u00a0\u00bb global_colors_info=\u00a0\u00bb{}\u00a0\u00bb]<\/p>\n<p>Industrial Automation<\/p>\n<p>[\/et_pb_text][et_pb_text _builder_version=\u00a0\u00bb4.19.4&Prime; _module_preset=\u00a0\u00bbdefault\u00a0\u00bb text_font=\u00a0\u00bb|800|||||||\u00a0\u00bb text_text_color=\u00a0\u00bbgcid-0a4b92a8-282c-43c3-b0a4-3f06cf73e5c5&Prime; text_font_size=\u00a0\u00bb16px\u00a0\u00bb global_colors_info=\u00a0\u00bb{%22gcid-0a4b92a8-282c-43c3-b0a4-3f06cf73e5c5%22:%91%22text_text_color%22%93}\u00a0\u00bb]<\/p>\n<p><strong>Audit, Engineering and Integration<\/strong><\/p>\n<p>[\/et_pb_text][et_pb_text _builder_version=\u00a0\u00bb4.19.4&Prime; _module_preset=\u00a0\u00bbdefault\u00a0\u00bb text_text_color=\u00a0\u00bb#242424&Prime; text_font_size=\u00a0\u00bb15px\u00a0\u00bb custom_margin=\u00a0\u00bb-23px||29px|||\u00a0\u00bb global_colors_info=\u00a0\u00bb{}\u00a0\u00bb]<\/p>\n<p>With over 30 years' experience, Ekium is the partner of choice for your Automation projects, whether for 'Greenfield' projects or 'revampings' in the Process Industries, Environment, Energy, Nuclear... in France and abroad. Whether you opt for a turnkey solution or specific phases, our offer is precisely tailored to your needs!<\/p>\n<p>[\/et_pb_text][\/et_pb_column][et_pb_column type=\u00a0\u00bb1_3&Prime; _builder_version=\u00a0\u00bb4.19.4&Prime; _module_preset=\u00a0\u00bbdefault\u00a0\u00bb global_colors_info=\u00a0\u00bb{}\u00a0\u00bb][et_pb_image src=\u00a0\u00bbhttps:\/\/ekium-automation.com\/wp-content\/uploads\/2023\/04\/IT-automation.jpg\u00a0\u00bb title_text=\u00a0\u00bbBackup cloud data service center. 3D rendering\u00a0\u00bb url=\u00a0\u00bbhttps:\/\/ekium-automation.com\/it-automation\u00a0\u00bb force_fullwidth=\u00a0\u00bbon\u00a0\u00bb _builder_version=\u00a0\u00bb4.19.4&Prime; _module_preset=\u00a0\u00bbdefault\u00a0\u00bb height=\u00a0\u00bb280px\u00a0\u00bb max_height=\u00a0\u00bb300px\u00a0\u00bb custom_margin=\u00a0\u00bb||29px|||\u00a0\u00bb custom_padding=\u00a0\u00bb|0px||0px||\u00a0\u00bb border_radii=\u00a0\u00bbon|10px|10px|10px|10px\u00a0\u00bb border_color_left=\u00a0\u00bb#F59424&Prime; global_colors_info=\u00a0\u00bb{}\u00a0\u00bb][\/et_pb_image][et_pb_text _builder_version=\u00a0\u00bb4.19.4&Prime; _module_preset=\u00a0\u00bbdefault\u00a0\u00bb text_font=\u00a0\u00bb|700|||||||\u00a0\u00bb text_text_color=\u00a0\u00bb#353535&Prime; text_font_size=\u00a0\u00bb26px\u00a0\u00bb custom_margin=\u00a0\u00bb28px||10px|||\u00a0\u00bb link_option_url=\u00a0\u00bbhttps:\/\/ekium-automation.com\/it-automation\u00a0\u00bb global_colors_info=\u00a0\u00bb{}\u00a0\u00bb]<\/p>\n<p>IT Automation<\/p>\n<p>[\/et_pb_text][et_pb_text _builder_version=\u00a0\u00bb4.19.4&Prime; _module_preset=\u00a0\u00bbdefault\u00a0\u00bb text_font=\u00a0\u00bb|800|||||||\u00a0\u00bb text_text_color=\u00a0\u00bbgcid-0a4b92a8-282c-43c3-b0a4-3f06cf73e5c5&Prime; text_font_size=\u00a0\u00bb16px\u00a0\u00bb custom_margin=\u00a0\u00bb||19px|||\u00a0\u00bb global_colors_info=\u00a0\u00bb{%22gcid-0a4b92a8-282c-43c3-b0a4-3f06cf73e5c5%22:%91%22text_text_color%22%93}\u00a0\u00bb]<\/p>\n<p><strong>Infrastructure, Outsourcing, Cybersecurity<\/strong><\/p>\n<p>[\/et_pb_text][et_pb_text _builder_version=\u00a0\u00bb4.19.4&Prime; _module_preset=\u00a0\u00bbdefault\u00a0\u00bb text_text_color=\u00a0\u00bb#242424&Prime; text_font_size=\u00a0\u00bb15px\u00a0\u00bb custom_margin=\u00a0\u00bb||||false|false\u00a0\u00bb global_colors_info=\u00a0\u00bb{}\u00a0\u00bb]<\/p>\n<p>As a unique player at the crossroads of the IT and OT worlds, our offer is global and cross-functional. By listening to you, we offer solutions that cover needs from the shop floor (OT) to the Information System and its infrastructure (IT), while including cybersecurity requirements.<\/p>\n<p>[\/et_pb_text][\/et_pb_column][et_pb_column type=\u00a0\u00bb1_3&Prime; _builder_version=\u00a0\u00bb4.19.4&Prime; _module_preset=\u00a0\u00bbdefault\u00a0\u00bb global_colors_info=\u00a0\u00bb{}\u00a0\u00bb][et_pb_image src=\u00a0\u00bbhttps:\/\/ekium-automation.com\/wp-content\/uploads\/2023\/04\/Digitalisation.jpg\u00a0\u00bb title_text=\u00a0\u00bbSmart industry control concept.Hands holding tablet on blurred automation machine as background\u00a0\u00bb url=\u00a0\u00bbhttps:\/\/ekium-automation.com\/innovation-digitilization\/\u00a0\u00bb force_fullwidth=\u00a0\u00bbon\u00a0\u00bb _builder_version=\u00a0\u00bb4.19.4&Prime; _module_preset=\u00a0\u00bbdefault\u00a0\u00bb height=\u00a0\u00bb280px\u00a0\u00bb max_height=\u00a0\u00bb300px\u00a0\u00bb custom_margin=\u00a0\u00bb||29px|||\u00a0\u00bb custom_padding=\u00a0\u00bb|0px||0px||\u00a0\u00bb border_radii=\u00a0\u00bbon|10px|10px|10px|10px\u00a0\u00bb border_color_left=\u00a0\u00bb#F59424&Prime; global_colors_info=\u00a0\u00bb{}\u00a0\u00bb][\/et_pb_image][et_pb_text _builder_version=\u00a0\u00bb4.19.4&Prime; _module_preset=\u00a0\u00bbdefault\u00a0\u00bb text_font=\u00a0\u00bb|700|||||||\u00a0\u00bb text_text_color=\u00a0\u00bb#353535&Prime; text_font_size=\u00a0\u00bb26px\u00a0\u00bb custom_margin=\u00a0\u00bb28px||13px|||\u00a0\u00bb custom_padding=\u00a0\u00bb||0px|||\u00a0\u00bb link_option_url=\u00a0\u00bbhttps:\/\/ekium-automation.com\/innovation-digitilization\/\u00a0\u00bb global_colors_info=\u00a0\u00bb{}\u00a0\u00bb]<\/p>\n<p>Digitalization<\/p>\n<p>[\/et_pb_text][et_pb_text _builder_version=\u00a0\u00bb4.19.4&Prime; _module_preset=\u00a0\u00bbdefault\u00a0\u00bb text_font=\u00a0\u00bb|800|||||||\u00a0\u00bb text_text_color=\u00a0\u00bbgcid-0a4b92a8-282c-43c3-b0a4-3f06cf73e5c5&Prime; text_font_size=\u00a0\u00bb16px\u00a0\u00bb custom_margin=\u00a0\u00bb||16px|||\u00a0\u00bb global_colors_info=\u00a0\u00bb{%22gcid-0a4b92a8-282c-43c3-b0a4-3f06cf73e5c5%22:%91%22text_text_color%22%93}\u00a0\u00bb]<\/p>\n<p><strong>People and data at the heart of Industry 4.0<\/strong><\/p>\n<p>[\/et_pb_text][et_pb_text _builder_version=\u00a0\u00bb4.19.4&Prime; _module_preset=\u00a0\u00bbdefault\u00a0\u00bb text_text_color=\u00a0\u00bb#242424&Prime; text_font_size=\u00a0\u00bb15px\u00a0\u00bb custom_margin=\u00a0\u00bb||||true|false\u00a0\u00bb custom_padding=\u00a0\u00bb||11px|||\u00a0\u00bb global_colors_info=\u00a0\u00bb{}\u00a0\u00bb]<\/p>\n<p>Ekium puts people and data at the heart of value creation for industrial companies. Agility and Continuous Improvement are the levers of these approaches. Ekium offers the \"EkiDi\" solution, which makes it easy to digitize all your business processes and software interfaces, guaranteeing reliable, practical use of all your company's data.<\/p>\n<p>[\/et_pb_text][\/et_pb_column][\/et_pb_row][et_pb_row column_structure=\u00a0\u00bb1_3,1_3,1_3&Prime; _builder_version=\u00a0\u00bb4.19.4&Prime; _module_preset=\u00a0\u00bbdefault\u00a0\u00bb max_width=\u00a0\u00bb1500px\u00a0\u00bb animation_style=\u00a0\u00bbfade\u00a0\u00bb global_colors_info=\u00a0\u00bb{}\u00a0\u00bb][et_pb_column type=\u00a0\u00bb1_3&Prime; _builder_version=\u00a0\u00bb4.19.4&Prime; _module_preset=\u00a0\u00bbdefault\u00a0\u00bb global_colors_info=\u00a0\u00bb{}\u00a0\u00bb][et_pb_image src=\u00a0\u00bbhttps:\/\/ekium-automation.com\/wp-content\/uploads\/2023\/04\/building-automation.jpg\u00a0\u00bb title_text=\u00a0\u00bbAutomobile factory production workshop\u00a0\u00bb url=\u00a0\u00bbhttps:\/\/ekium-automation.com\/building-automation\/\u00a0\u00bb force_fullwidth=\u00a0\u00bbon\u00a0\u00bb _builder_version=\u00a0\u00bb4.19.4&Prime; _module_preset=\u00a0\u00bbdefault\u00a0\u00bb height=\u00a0\u00bb280px\u00a0\u00bb max_height=\u00a0\u00bb300px\u00a0\u00bb custom_margin=\u00a0\u00bb||29px|||\u00a0\u00bb custom_padding=\u00a0\u00bb|0px||0px||\u00a0\u00bb border_radii=\u00a0\u00bbon|10px|10px|10px|10px\u00a0\u00bb border_color_left=\u00a0\u00bb#F59424&Prime; global_colors_info=\u00a0\u00bb{}\u00a0\u00bb][\/et_pb_image][et_pb_text _builder_version=\u00a0\u00bb4.19.4&Prime; _module_preset=\u00a0\u00bbdefault\u00a0\u00bb text_font=\u00a0\u00bb|700|||||||\u00a0\u00bb text_text_color=\u00a0\u00bb#353535&Prime; text_font_size=\u00a0\u00bb26px\u00a0\u00bb custom_margin=\u00a0\u00bb28px||13px|||\u00a0\u00bb link_option_url=\u00a0\u00bbhttps:\/\/ekium-automation.com\/building-automation\/\u00a0\u00bb custom_css_after=\u00a0\u00bb&#038;#xe0d1||\u00a0\u00bb global_colors_info=\u00a0\u00bb{}\u00a0\u00bb]<\/p>\n<p>Building Automation\u00a0<\/p>\n<p>[\/et_pb_text][et_pb_text _builder_version=\u00a0\u00bb4.19.4&Prime; _module_preset=\u00a0\u00bbdefault\u00a0\u00bb text_font=\u00a0\u00bb|800|||||||\u00a0\u00bb text_text_color=\u00a0\u00bbgcid-0a4b92a8-282c-43c3-b0a4-3f06cf73e5c5&Prime; text_font_size=\u00a0\u00bb16px\u00a0\u00bb custom_margin=\u00a0\u00bb||10px|||\u00a0\u00bb global_colors_info=\u00a0\u00bb{%22gcid-0a4b92a8-282c-43c3-b0a4-3f06cf73e5c5%22:%91%22text_text_color%22%93}\u00a0\u00bb]<\/p>\n<p><strong>Industrial and Commercial BMS \/ BMS<\/strong><\/p>\n<p>[\/et_pb_text][et_pb_text _builder_version=\u00a0\u00bb4.19.4&Prime; _module_preset=\u00a0\u00bbdefault\u00a0\u00bb text_text_color=\u00a0\u00bb#242424&Prime; text_font_size=\u00a0\u00bb15px\u00a0\u00bb global_colors_info=\u00a0\u00bb{}\u00a0\u00bb]<\/p>\n<p>Our innovative GTC\/GTB solution, offering total control over your environment. Optimise occupant comfort while making substantial savings on the energy costs of your offices and buildings, redefining efficiency standards.<\/p>\n<p>[\/et_pb_text][\/et_pb_column][et_pb_column type=\u00a0\u00bb1_3&Prime; _builder_version=\u00a0\u00bb4.19.4&Prime; _module_preset=\u00a0\u00bbdefault\u00a0\u00bb global_colors_info=\u00a0\u00bb{}\u00a0\u00bb][et_pb_image src=\u00a0\u00bbhttps:\/\/ekium-automation.com\/wp-content\/uploads\/2025\/07\/AdobeStock_1555241560-1-scaled.jpeg\u00a0\u00bb title_text=\u00a0\u00bbAdobeStock_1555241560 (1)\u00a0\u00bb url=\u00a0\u00bbhttps:\/\/ekium-automation.com\/lab-automation\/\u00a0\u00bb force_fullwidth=\u00a0\u00bbon\u00a0\u00bb _builder_version=\u00a0\u00bb4.19.4&Prime; _module_preset=\u00a0\u00bbdefault\u00a0\u00bb height=\u00a0\u00bb280px\u00a0\u00bb max_height=\u00a0\u00bb300px\u00a0\u00bb custom_margin=\u00a0\u00bb||29px|||\u00a0\u00bb custom_padding=\u00a0\u00bb|0px||0px||\u00a0\u00bb border_radii=\u00a0\u00bbon|10px|10px|10px|10px\u00a0\u00bb border_color_left=\u00a0\u00bb#F59424&Prime; global_colors_info=\u00a0\u00bb{}\u00a0\u00bb][\/et_pb_image][et_pb_text _builder_version=\u00a0\u00bb4.19.4&Prime; _module_preset=\u00a0\u00bbdefault\u00a0\u00bb text_font=\u00a0\u00bb|700|||||||\u00a0\u00bb text_text_color=\u00a0\u00bb#353535&Prime; text_font_size=\u00a0\u00bb26px\u00a0\u00bb custom_margin=\u00a0\u00bb28px||12px|||\u00a0\u00bb link_option_url=\u00a0\u00bbhttps:\/\/ekium-automation.com\/lab-automation\/\u00a0\u00bb global_colors_info=\u00a0\u00bb{}\u00a0\u00bb]<\/p>\n<p>Automation engineering<\/p>\n<p>[\/et_pb_text][et_pb_text _builder_version=\u00a0\u00bb4.19.4&Prime; _module_preset=\u00a0\u00bbdefault\u00a0\u00bb text_font=\u00a0\u00bb|800|||||||\u00a0\u00bb text_text_color=\u00a0\u00bbgcid-0a4b92a8-282c-43c3-b0a4-3f06cf73e5c5&Prime; text_font_size=\u00a0\u00bb16px\u00a0\u00bb custom_margin=\u00a0\u00bb||17px|||\u00a0\u00bb global_colors_info=\u00a0\u00bb{%22gcid-0a4b92a8-282c-43c3-b0a4-3f06cf73e5c5%22:%91%22text_text_color%22%93}\u00a0\u00bb]<\/p>\n<p><strong>Industrial Automation Engineering<\/strong><\/p>\n<p>[\/et_pb_text][et_pb_text _builder_version=\u00a0\u00bb4.19.4&Prime; _module_preset=\u00a0\u00bbdefault\u00a0\u00bb text_text_color=\u00a0\u00bb#242424&Prime; text_font_size=\u00a0\u00bb15px\u00a0\u00bb global_colors_info=\u00a0\u00bb{}\u00a0\u00bb]<\/p>\n<p class=\"x_MsoNormal\" data-olk-copy-source=\"MessageBody\">Master complexity. Secure your projects. Accelerate your performance. We design customized automation solutions from the earliest stages of your industrial projects. Our engineering approach allows you to minimize risks, maximize value, and prepare for the future of your production facilities.<\/p>\n<p>[\/et_pb_text][\/et_pb_column][et_pb_column type=\u00a0\u00bb1_3&Prime; _builder_version=\u00a0\u00bb4.19.4&Prime; _module_preset=\u00a0\u00bbdefault\u00a0\u00bb global_colors_info=\u00a0\u00bb{}\u00a0\u00bb][et_pb_image src=\u00a0\u00bbhttps:\/\/ekium-automation.com\/wp-content\/uploads\/2023\/04\/maintenance-scaled.jpg\u00a0\u00bb title_text=\u00a0\u00bbmaintenance\u00a0\u00bb url=\u00a0\u00bbhttps:\/\/ekium-automation.com\/services\/\u00a0\u00bb force_fullwidth=\u00a0\u00bbon\u00a0\u00bb _builder_version=\u00a0\u00bb4.19.4&Prime; _module_preset=\u00a0\u00bbdefault\u00a0\u00bb height=\u00a0\u00bb280px\u00a0\u00bb max_height=\u00a0\u00bb300px\u00a0\u00bb custom_margin=\u00a0\u00bb||29px|||\u00a0\u00bb custom_padding=\u00a0\u00bb|0px||0px||\u00a0\u00bb hover_enabled=\u00a0\u00bb0&Prime; border_radii=\u00a0\u00bbon|10px|10px|10px|10px\u00a0\u00bb border_color_left=\u00a0\u00bb#F59424&Prime; global_colors_info=\u00a0\u00bb{}\u00a0\u00bb sticky_enabled=\u00a0\u00bb0&Prime;][\/et_pb_image][et_pb_text _builder_version=\u00a0\u00bb4.19.4&Prime; _module_preset=\u00a0\u00bbdefault\u00a0\u00bb text_font=\u00a0\u00bb|700|||||||\u00a0\u00bb text_text_color=\u00a0\u00bb#353535&Prime; text_font_size=\u00a0\u00bb26px\u00a0\u00bb custom_margin=\u00a0\u00bb28px||13px|||\u00a0\u00bb link_option_url=\u00a0\u00bbhttps:\/\/ekium-automation.com\/services\/\u00a0\u00bb global_colors_info=\u00a0\u00bb{}\u00a0\u00bb]<\/p>\n<p>Services<\/p>\n<p>[\/et_pb_text][et_pb_text _builder_version=\u00a0\u00bb4.19.4&Prime; _module_preset=\u00a0\u00bbdefault\u00a0\u00bb text_font=\u00a0\u00bb|800|||||||\u00a0\u00bb text_text_color=\u00a0\u00bbgcid-0a4b92a8-282c-43c3-b0a4-3f06cf73e5c5&Prime; text_font_size=\u00a0\u00bb16px\u00a0\u00bb custom_margin=\u00a0\u00bb||17px|||\u00a0\u00bb global_colors_info=\u00a0\u00bb{%22gcid-0a4b92a8-282c-43c3-b0a4-3f06cf73e5c5%22:%91%22text_text_color%22%93}\u00a0\u00bb]<\/p>\n<p><strong>Predictive, preventive and corrective maintenance <\/strong><\/p>\n<p>[\/et_pb_text][et_pb_text _builder_version=\u00a0\u00bb4.19.4&Prime; _module_preset=\u00a0\u00bbdefault\u00a0\u00bb text_text_color=\u00a0\u00bb#242424&Prime; text_font_size=\u00a0\u00bb15px\u00a0\u00bb global_colors_info=\u00a0\u00bb{}\u00a0\u00bb]<\/p>\n<p>Our experts develop customized maintenance strategies, ensuring optimum availability tailored to the specific requirements of your installations. With our personalized approach, the reliability of your equipment is in safe hands.<\/p>\n<p>[\/et_pb_text][\/et_pb_column][\/et_pb_row][\/et_pb_section]<\/p>","protected":false},"excerpt":{"rendered":"<p>Nos Activit\u00e9sIndustrial AutomationAudit, Ing\u00e9nierie et Int\u00e9grationFort de plus de 30 ans d&rsquo;exp\u00e9rience, Ekium est le partenaire privil\u00e9gi\u00e9 de vos projets d&rsquo;Automation, que ce soit pour des r\u00e9alisations &lsquo;Greenfield&rsquo; ou des \u00ab\u00a0revampings\u00a0\u00bb dans les secteurs des Industries des Proc\u00e9d\u00e9s, de l&rsquo;Environnement, de l&rsquo;\u00c9nergie, du Nucl\u00e9aire\u2026 en France et \u00e0 l&rsquo;international. Que vous optiez pour une solution [&hellip;]<\/p>","protected":false},"author":1,"featured_media":0,"parent":0,"menu_order":0,"comment_status":"closed","ping_status":"closed","template":"","meta":{"_et_pb_use_builder":"on","_et_pb_old_content":"<!-- wp:divi\/placeholder \/-->","_et_gb_content_width":"","footnotes":""},"class_list":["post-318","page","type-page","status-publish","hentry"],"_links":{"self":[{"href":"https:\/\/ekium-automation.com\/en\/wp-json\/wp\/v2\/pages\/318","targetHints":{"allow":["GET"]}}],"collection":[{"href":"https:\/\/ekium-automation.com\/en\/wp-json\/wp\/v2\/pages"}],"about":[{"href":"https:\/\/ekium-automation.com\/en\/wp-json\/wp\/v2\/types\/page"}],"author":[{"embeddable":true,"href":"https:\/\/ekium-automation.com\/en\/wp-json\/wp\/v2\/users\/1"}],"replies":[{"embeddable":true,"href":"https:\/\/ekium-automation.com\/en\/wp-json\/wp\/v2\/comments?post=318"}],"version-history":[{"count":46,"href":"https:\/\/ekium-automation.com\/en\/wp-json\/wp\/v2\/pages\/318\/revisions"}],"predecessor-version":[{"id":2466,"href":"https:\/\/ekium-automation.com\/en\/wp-json\/wp\/v2\/pages\/318\/revisions\/2466"}],"wp:attachment":[{"href":"https:\/\/ekium-automation.com\/en\/wp-json\/wp\/v2\/media?parent=318"}],"curies":[{"name":"wp","href":"https:\/\/api.w.org\/{rel}","templated":true}]}}