{"id":2061,"date":"2024-05-15T14:13:11","date_gmt":"2024-05-15T12:13:11","guid":{"rendered":"https:\/\/ekium-automation.com\/?page_id=2061"},"modified":"2025-09-23T16:29:33","modified_gmt":"2025-09-23T14:29:33","slug":"partenariats","status":"publish","type":"page","link":"https:\/\/ekium-automation.com\/en\/partenariats\/","title":{"rendered":"Our partnerships"},"content":{"rendered":"<p>[et_pb_section fb_built=\u00a0\u00bb1&Prime; _builder_version=\u00a0\u00bb4.19.4&Prime; _module_preset=\u00a0\u00bbdefault\u00a0\u00bb background_color=\u00a0\u00bbgcid-e85a64ea-5ec6-48ac-b3e2-777599411d80&Prime; height=\u00a0\u00bb290px\u00a0\u00bb custom_margin=\u00a0\u00bb-18px||||false|false\u00a0\u00bb custom_padding=\u00a0\u00bb||||false|false\u00a0\u00bb global_colors_info=\u00a0\u00bb{%22gcid-e85a64ea-5ec6-48ac-b3e2-777599411d80%22:%91%22background_color%22%93}\u00a0\u00bb][et_pb_row column_structure=\u00a0\u00bb1_2,1_2&Prime; _builder_version=\u00a0\u00bb4.19.4&Prime; _module_preset=\u00a0\u00bbdefault\u00a0\u00bb max_width=\u00a0\u00bb1500px\u00a0\u00bb custom_padding=\u00a0\u00bb0px|||||\u00a0\u00bb global_colors_info=\u00a0\u00bb{}\u00a0\u00bb][et_pb_column type=\u00a0\u00bb1_2&Prime; _builder_version=\u00a0\u00bb4.19.4&Prime; _module_preset=\u00a0\u00bbdefault\u00a0\u00bb global_colors_info=\u00a0\u00bb{}\u00a0\u00bb][et_pb_text _builder_version=\u00a0\u00bb4.19.4&Prime; text_font=\u00a0\u00bb||||||||\u00a0\u00bb text_text_color=\u00a0\u00bb#000000&Prime; header_font=\u00a0\u00bbRubik|700|||||||\u00a0\u00bb header_font_size=\u00a0\u00bb64px\u00a0\u00bb header_line_height=\u00a0\u00bb1.1em\u00a0\u00bb background_layout=\u00a0\u00bbdark\u00a0\u00bb max_width=\u00a0\u00bb800px\u00a0\u00bb custom_margin=\u00a0\u00bb60px||0px||false|false\u00a0\u00bb custom_padding=\u00a0\u00bb|||16px\u00a0\u00bb text_font_size_tablet=\u00a0\u00bb14px\u00a0\u00bb text_font_size_last_edited=\u00a0\u00bboff|desktop\u00a0\u00bb header_font_size_tablet=\u00a0\u00bb44px\u00a0\u00bb header_font_size_phone=\u00a0\u00bb32px\u00a0\u00bb header_font_size_last_edited=\u00a0\u00bbon|phone\u00a0\u00bb border_color_all=\u00a0\u00bbgcid-0a4b92a8-282c-43c3-b0a4-3f06cf73e5c5&Prime; border_width_left=\u00a0\u00bb10px\u00a0\u00bb global_colors_info=\u00a0\u00bb{%22gcid-0a4b92a8-282c-43c3-b0a4-3f06cf73e5c5%22:%91%22border_color_all%22%93}\u00a0\u00bb]<\/p>\n<h1><span style=\"color: #333333;\">Our partnerships<\/span><\/h1>\n<p>[\/et_pb_text][\/et_pb_column][et_pb_column type=\u00a0\u00bb1_2&Prime; _builder_version=\u00a0\u00bb4.19.4&Prime; _module_preset=\u00a0\u00bbdefault\u00a0\u00bb global_colors_info=\u00a0\u00bb{}\u00a0\u00bb][\/et_pb_column][\/et_pb_row][\/et_pb_section][et_pb_section fb_built=\u00a0\u00bb1&Prime; _builder_version=\u00a0\u00bb4.19.4&Prime; _module_preset=\u00a0\u00bbdefault\u00a0\u00bb background_enable_color=\u00a0\u00bboff\u00a0\u00bb custom_margin=\u00a0\u00bb||0px||false|false\u00a0\u00bb custom_padding=\u00a0\u00bb16px||35px||false|false\u00a0\u00bb locked=\u00a0\u00bboff\u00a0\u00bb global_colors_info=\u00a0\u00bb{}\u00a0\u00bb][et_pb_row column_structure=\u00a0\u00bb1_4,3_4&Prime; _builder_version=\u00a0\u00bb4.19.4&Prime; _module_preset=\u00a0\u00bbdefault\u00a0\u00bb max_width=\u00a0\u00bb1500px\u00a0\u00bb custom_margin=\u00a0\u00bb50px|auto|50px|auto|true|false\u00a0\u00bb custom_padding=\u00a0\u00bb50px|25px|50px|25px|true|true\u00a0\u00bb border_radii=\u00a0\u00bbon|7px|7px|7px|7px\u00a0\u00bb box_shadow_style=\u00a0\u00bbpreset1&Prime; global_colors_info=\u00a0\u00bb{}\u00a0\u00bb][et_pb_column type=\u00a0\u00bb1_4&Prime; _builder_version=\u00a0\u00bb4.19.4&Prime; _module_preset=\u00a0\u00bbdefault\u00a0\u00bb custom_padding=\u00a0\u00bb30px|0px||8px|false|false\u00a0\u00bb global_colors_info=\u00a0\u00bb{}\u00a0\u00bb][et_pb_image src=\u00a0\u00bbhttps:\/\/ekium-automation.com\/wp-content\/uploads\/2024\/05\/Image1.png\u00a0\u00bb title_text=\u00a0\u00bbImage1&Prime; url=\u00a0\u00bbhttps:\/\/ekium-automation.com\/siemens-solution-partner\/\u00a0\u00bb url_new_window=\u00a0\u00bbon\u00a0\u00bb align=\u00a0\u00bbcenter\u00a0\u00bb _builder_version=\u00a0\u00bb4.19.4&Prime; _module_preset=\u00a0\u00bbdefault\u00a0\u00bb max_width=\u00a0\u00bb77%\u00a0\u00bb module_alignment=\u00a0\u00bbcenter\u00a0\u00bb custom_margin=\u00a0\u00bb0px|||33px|false|false\u00a0\u00bb custom_padding=\u00a0\u00bb0px||||false|false\u00a0\u00bb global_colors_info=\u00a0\u00bb{}\u00a0\u00bb][\/et_pb_image][\/et_pb_column][et_pb_column type=\u00a0\u00bb3_4&Prime; _builder_version=\u00a0\u00bb4.19.4&Prime; _module_preset=\u00a0\u00bbdefault\u00a0\u00bb global_colors_info=\u00a0\u00bb{}\u00a0\u00bb][et_pb_text _builder_version=\u00a0\u00bb4.19.4&Prime; _module_preset=\u00a0\u00bbdefault\u00a0\u00bb text_font=\u00a0\u00bb|700|||||||\u00a0\u00bb text_text_color=\u00a0\u00bb#000000&Prime; text_font_size=\u00a0\u00bb20px\u00a0\u00bb custom_margin=\u00a0\u00bb26px||8px|||\u00a0\u00bb link_option_url=\u00a0\u00bbhttps:\/\/ekium-automation.com\/siemens-solution-partner\/\u00a0\u00bb global_colors_info=\u00a0\u00bb{}\u00a0\u00bb]<\/p>\n<p>Siemens Solution Partner<\/p>\n<p>[\/et_pb_text][et_pb_text _builder_version=\u00a0\u00bb4.19.4&Prime; _module_preset=\u00a0\u00bbdefault\u00a0\u00bb text_text_color=\u00a0\u00bb#000000&Prime; text_font_size=\u00a0\u00bb15px\u00a0\u00bb custom_margin=\u00a0\u00bb||17px|||\u00a0\u00bb custom_padding=\u00a0\u00bb||0px|||\u00a0\u00bb global_colors_info=\u00a0\u00bb{}\u00a0\u00bb]<\/p>\n<p>Ekium is a Siemens Solution Partner for PCS7 and Pharma industry<\/p>\n<p>[\/et_pb_text][et_pb_button button_url=\u00a0\u00bbhttps:\/\/ekium-automation.com\/siemens-solution-partner\/\u00a0\u00bb button_text=\u00a0\u00bbVoir d\u00e9tails\u00a0\u00bb _builder_version=\u00a0\u00bb4.19.4&Prime; _module_preset=\u00a0\u00bbdefault\u00a0\u00bb custom_button=\u00a0\u00bbon\u00a0\u00bb button_text_size=\u00a0\u00bb16px\u00a0\u00bb button_text_color=\u00a0\u00bbgcid-0a4b92a8-282c-43c3-b0a4-3f06cf73e5c5&Prime; global_colors_info=\u00a0\u00bb{%22gcid-0a4b92a8-282c-43c3-b0a4-3f06cf73e5c5%22:%91%22button_text_color%22%93}\u00a0\u00bb][\/et_pb_button][\/et_pb_column][\/et_pb_row][et_pb_row column_structure=\u00a0\u00bb1_4,3_4&Prime; _builder_version=\u00a0\u00bb4.19.4&Prime; _module_preset=\u00a0\u00bbdefault\u00a0\u00bb max_width=\u00a0\u00bb1500px\u00a0\u00bb custom_margin=\u00a0\u00bb50px|auto|50px|auto|true|false\u00a0\u00bb custom_padding=\u00a0\u00bb45px|25px|45px|25px|true|true\u00a0\u00bb border_radii=\u00a0\u00bbon|7px|7px|7px|7px\u00a0\u00bb box_shadow_style=\u00a0\u00bbpreset1&Prime; global_colors_info=\u00a0\u00bb{}\u00a0\u00bb][et_pb_column type=\u00a0\u00bb1_4&Prime; _builder_version=\u00a0\u00bb4.19.4&Prime; _module_preset=\u00a0\u00bbdefault\u00a0\u00bb global_colors_info=\u00a0\u00bb{}\u00a0\u00bb][et_pb_image src=\u00a0\u00bbhttps:\/\/ekium-automation.com\/wp-content\/uploads\/2025\/07\/logos-partenaires-site-web-automation_Plan-de-travail-1-copie-5.png\u00a0\u00bb title_text=\u00a0\u00bblogos partenaires site web automation_Plan de travail 1 copie 5&Prime; url=\u00a0\u00bbhttps:\/\/ekium-automation.com\/schneider-alliance\/\u00a0\u00bb _builder_version=\u00a0\u00bb4.19.4&Prime; _module_preset=\u00a0\u00bbdefault\u00a0\u00bb width=\u00a0\u00bb80%\u00a0\u00bb module_alignment=\u00a0\u00bbcenter\u00a0\u00bb custom_margin=\u00a0\u00bb17px||||false|false\u00a0\u00bb custom_padding=\u00a0\u00bb|16px|0px|33px||\u00a0\u00bb hover_enabled=\u00a0\u00bb0&Prime; global_colors_info=\u00a0\u00bb{}\u00a0\u00bb sticky_enabled=\u00a0\u00bb0&Prime;][\/et_pb_image][\/et_pb_column][et_pb_column type=\u00a0\u00bb3_4&Prime; _builder_version=\u00a0\u00bb4.19.4&Prime; _module_preset=\u00a0\u00bbdefault\u00a0\u00bb global_colors_info=\u00a0\u00bb{}\u00a0\u00bb][et_pb_text _builder_version=\u00a0\u00bb4.19.4&Prime; _module_preset=\u00a0\u00bbdefault\u00a0\u00bb text_font=\u00a0\u00bb|700|||||||\u00a0\u00bb text_text_color=\u00a0\u00bb#000000&Prime; text_font_size=\u00a0\u00bb20px\u00a0\u00bb custom_margin=\u00a0\u00bb26px||8px|||\u00a0\u00bb link_option_url=\u00a0\u00bbhttps:\/\/ekium-automation.com\/siemens-opcenter-aps\/\u00a0\u00bb global_colors_info=\u00a0\u00bb{}\u00a0\u00bb]<\/p>\n<p>Schneider Partner Alliance<\/p>\n<p>[\/et_pb_text][et_pb_text _builder_version=\u00a0\u00bb4.19.4&Prime; _module_preset=\u00a0\u00bbdefault\u00a0\u00bb text_text_color=\u00a0\u00bb#000000&Prime; text_font_size=\u00a0\u00bb15px\u00a0\u00bb custom_margin=\u00a0\u00bb||17px|||\u00a0\u00bb global_colors_info=\u00a0\u00bb{}\u00a0\u00bb]<\/p>\n<p class=\"x_MsoNormal\"><span data-olk-copy-source=\"MessageBody\">EKIUM has officially joined the program\u00a0<b>Alliance Partner<\/b>\u00a0from\u00a0<b>Schneider Electric.<\/b><\/span><\/p>\n<p>[\/et_pb_text][et_pb_button button_url=\u00a0\u00bbhttps:\/\/ekium-automation.com\/schneider-alliance\/\u00a0\u00bb button_text=\u00a0\u00bbVoir d\u00e9tails\u00a0\u00bb _builder_version=\u00a0\u00bb4.19.4&Prime; _module_preset=\u00a0\u00bbdefault\u00a0\u00bb custom_button=\u00a0\u00bbon\u00a0\u00bb button_text_size=\u00a0\u00bb16px\u00a0\u00bb button_text_color=\u00a0\u00bbgcid-0a4b92a8-282c-43c3-b0a4-3f06cf73e5c5&Prime; hover_enabled=\u00a0\u00bb0&Prime; global_colors_info=\u00a0\u00bb{%22gcid-0a4b92a8-282c-43c3-b0a4-3f06cf73e5c5%22:%91%22button_text_color%22%93}\u00a0\u00bb sticky_enabled=\u00a0\u00bb0&Prime;][\/et_pb_button][\/et_pb_column][\/et_pb_row][et_pb_row column_structure=\u00a0\u00bb1_4,3_4&Prime; _builder_version=\u00a0\u00bb4.19.4&Prime; _module_preset=\u00a0\u00bbdefault\u00a0\u00bb max_width=\u00a0\u00bb1500px\u00a0\u00bb custom_margin=\u00a0\u00bb50px|auto|50px|auto|true|false\u00a0\u00bb custom_padding=\u00a0\u00bb45px|25px|45px|25px|true|true\u00a0\u00bb border_radii=\u00a0\u00bbon|7px|7px|7px|7px\u00a0\u00bb box_shadow_style=\u00a0\u00bbpreset1&Prime; global_colors_info=\u00a0\u00bb{}\u00a0\u00bb][et_pb_column type=\u00a0\u00bb1_4&Prime; _builder_version=\u00a0\u00bb4.19.4&Prime; _module_preset=\u00a0\u00bbdefault\u00a0\u00bb custom_padding=\u00a0\u00bb30px|0px||8px|false|false\u00a0\u00bb global_colors_info=\u00a0\u00bb{}\u00a0\u00bb][et_pb_image src=\u00a0\u00bbhttps:\/\/ekium-automation.com\/wp-content\/uploads\/2024\/05\/PartenaireExcellenceOp.png\u00a0\u00bb title_text=\u00a0\u00bbPartenaireExcellenceOp\u00a0\u00bb url=\u00a0\u00bbhttps:\/\/ekium-automation.com\/integrateur-excellence-4-0-aveva\/\u00a0\u00bb url_new_window=\u00a0\u00bbon\u00a0\u00bb align=\u00a0\u00bbcenter\u00a0\u00bb _builder_version=\u00a0\u00bb4.19.4&Prime; _module_preset=\u00a0\u00bbdefault\u00a0\u00bb max_width=\u00a0\u00bb70%\u00a0\u00bb module_alignment=\u00a0\u00bbcenter\u00a0\u00bb custom_margin=\u00a0\u00bb0px||14px||false|false\u00a0\u00bb custom_padding=\u00a0\u00bb||||false|false\u00a0\u00bb global_colors_info=\u00a0\u00bb{}\u00a0\u00bb][\/et_pb_image][et_pb_image src=\u00a0\u00bbhttps:\/\/ekium-automation.com\/wp-content\/uploads\/2024\/05\/AVEVA-Partner-Badge-Certified.jpg\u00a0\u00bb title_text=\u00a0\u00bbAVEVA-Partner-Badge-Certified\u00a0\u00bb url=\u00a0\u00bbhttps:\/\/ekium-automation.com\/integrateur-excellence-4-0-aveva\/\u00a0\u00bb url_new_window=\u00a0\u00bbon\u00a0\u00bb align=\u00a0\u00bbcenter\u00a0\u00bb _builder_version=\u00a0\u00bb4.19.4&Prime; _module_preset=\u00a0\u00bbdefault\u00a0\u00bb max_width=\u00a0\u00bb70%\u00a0\u00bb module_alignment=\u00a0\u00bbcenter\u00a0\u00bb custom_margin=\u00a0\u00bb18px||||false|false\u00a0\u00bb custom_padding=\u00a0\u00bb||||false|false\u00a0\u00bb global_colors_info=\u00a0\u00bb{}\u00a0\u00bb][\/et_pb_image][\/et_pb_column][et_pb_column type=\u00a0\u00bb3_4&Prime; _builder_version=\u00a0\u00bb4.19.4&Prime; _module_preset=\u00a0\u00bbdefault\u00a0\u00bb global_colors_info=\u00a0\u00bb{}\u00a0\u00bb][et_pb_text _builder_version=\u00a0\u00bb4.19.4&Prime; _module_preset=\u00a0\u00bbdefault\u00a0\u00bb text_font=\u00a0\u00bb|700|||||||\u00a0\u00bb text_text_color=\u00a0\u00bb#000000&Prime; text_font_size=\u00a0\u00bb20px\u00a0\u00bb custom_margin=\u00a0\u00bb26px||8px|||\u00a0\u00bb link_option_url=\u00a0\u00bbhttps:\/\/ekium-automation.com\/integrateur-excellence-4-0-aveva\/\u00a0\u00bb global_colors_info=\u00a0\u00bb{}\u00a0\u00bb]<\/p>\n<p>Aveva Integrator Excellence 4.0<\/p>\n<p>[\/et_pb_text][et_pb_text _builder_version=\u00a0\u00bb4.19.4&Prime; _module_preset=\u00a0\u00bbdefault\u00a0\u00bb text_text_color=\u00a0\u00bb#000000&Prime; text_font_size=\u00a0\u00bb15px\u00a0\u00bb custom_margin=\u00a0\u00bb||77px|||\u00a0\u00bb global_colors_info=\u00a0\u00bb{}\u00a0\u00bb]<\/p>\n<p>Ekium is an Excellence 4.0 integration partner<\/p>\n<p>[\/et_pb_text][et_pb_button button_url=\u00a0\u00bbhttps:\/\/ekium-automation.com\/integrateur-excellence-4-0-aveva\/\u00a0\u00bb button_text=\u00a0\u00bbVoir d\u00e9tails\u00a0\u00bb _builder_version=\u00a0\u00bb4.19.4&Prime; _module_preset=\u00a0\u00bbdefault\u00a0\u00bb custom_button=\u00a0\u00bbon\u00a0\u00bb button_text_size=\u00a0\u00bb16px\u00a0\u00bb button_text_color=\u00a0\u00bbgcid-0a4b92a8-282c-43c3-b0a4-3f06cf73e5c5&Prime; global_colors_info=\u00a0\u00bb{%22gcid-0a4b92a8-282c-43c3-b0a4-3f06cf73e5c5%22:%91%22button_text_color%22%93}\u00a0\u00bb][\/et_pb_button][\/et_pb_column][\/et_pb_row][et_pb_row column_structure=\u00a0\u00bb1_4,3_4&Prime; _builder_version=\u00a0\u00bb4.19.4&Prime; _module_preset=\u00a0\u00bbdefault\u00a0\u00bb max_width=\u00a0\u00bb1500px\u00a0\u00bb custom_margin=\u00a0\u00bb50px|auto|50px|auto|true|false\u00a0\u00bb custom_padding=\u00a0\u00bb50px|25px|50px|25px|true|true\u00a0\u00bb border_radii=\u00a0\u00bbon|7px|7px|7px|7px\u00a0\u00bb box_shadow_style=\u00a0\u00bbpreset1&Prime; global_colors_info=\u00a0\u00bb{}\u00a0\u00bb][et_pb_column type=\u00a0\u00bb1_4&Prime; _builder_version=\u00a0\u00bb4.19.4&Prime; _module_preset=\u00a0\u00bbdefault\u00a0\u00bb custom_padding=\u00a0\u00bb30px|0px||8px|false|false\u00a0\u00bb global_colors_info=\u00a0\u00bb{}\u00a0\u00bb][et_pb_image src=\u00a0\u00bbhttps:\/\/ekium-automation.com\/wp-content\/uploads\/2024\/07\/panorama-codra.png\u00a0\u00bb title_text=\u00a0\u00bbpanorama-codra\u00a0\u00bb url=\u00a0\u00bbhttps:\/\/ekium-automation.com\/integrateur-cip-certified-panorama\/\u00a0\u00bb align=\u00a0\u00bbcenter\u00a0\u00bb _builder_version=\u00a0\u00bb4.19.4&Prime; _module_preset=\u00a0\u00bbdefault\u00a0\u00bb module_alignment=\u00a0\u00bbcenter\u00a0\u00bb custom_margin=\u00a0\u00bb1px||||false|false\u00a0\u00bb custom_padding=\u00a0\u00bb||||false|false\u00a0\u00bb global_colors_info=\u00a0\u00bb{}\u00a0\u00bb][\/et_pb_image][\/et_pb_column][et_pb_column type=\u00a0\u00bb3_4&Prime; _builder_version=\u00a0\u00bb4.19.4&Prime; _module_preset=\u00a0\u00bbdefault\u00a0\u00bb global_colors_info=\u00a0\u00bb{}\u00a0\u00bb][et_pb_text _builder_version=\u00a0\u00bb4.19.4&Prime; _module_preset=\u00a0\u00bbdefault\u00a0\u00bb text_font=\u00a0\u00bb|700|||||||\u00a0\u00bb text_text_color=\u00a0\u00bb#000000&Prime; text_font_size=\u00a0\u00bb20px\u00a0\u00bb custom_margin=\u00a0\u00bb26px||12px|||\u00a0\u00bb link_option_url=\u00a0\u00bbhttps:\/\/ekium-automation.com\/integrateur-cip-certified-panorama\/\u00a0\u00bb global_colors_info=\u00a0\u00bb{}\u00a0\u00bb]<\/p>\n<p>Integrator \"CIP Certified\" PANORAMA &amp; COOX<\/p>\n<p>[\/et_pb_text][et_pb_text _builder_version=\u00a0\u00bb4.19.4&Prime; _module_preset=\u00a0\u00bbdefault\u00a0\u00bb text_text_color=\u00a0\u00bb#000000&Prime; text_font_size=\u00a0\u00bb15px\u00a0\u00bb custom_margin=\u00a0\u00bb||24px|||\u00a0\u00bb global_colors_info=\u00a0\u00bb{}\u00a0\u00bb]<\/p>\n<p>Our partnership with CODRA PANORAMA and COOX enables us to offer advanced SCADA and MES solutions.<\/p>\n<p>Together, we provide you with innovative technologies and expert support to meet your digital transformation and operational performance needs.<\/p>\n<p>[\/et_pb_text][et_pb_button button_url=\u00a0\u00bbhttps:\/\/ekium-automation.com\/integrateur-cip-certified-panorama\/\u00a0\u00bb button_text=\u00a0\u00bbVoir d\u00e9tails\u00a0\u00bb _builder_version=\u00a0\u00bb4.19.4&Prime; _module_preset=\u00a0\u00bbdefault\u00a0\u00bb custom_button=\u00a0\u00bbon\u00a0\u00bb button_text_size=\u00a0\u00bb16px\u00a0\u00bb button_text_color=\u00a0\u00bbgcid-0a4b92a8-282c-43c3-b0a4-3f06cf73e5c5&Prime; global_colors_info=\u00a0\u00bb{%22gcid-0a4b92a8-282c-43c3-b0a4-3f06cf73e5c5%22:%91%22button_text_color%22%93}\u00a0\u00bb][\/et_pb_button][\/et_pb_column][\/et_pb_row][et_pb_row column_structure=\u00a0\u00bb1_4,3_4&Prime; _builder_version=\u00a0\u00bb4.19.4&Prime; _module_preset=\u00a0\u00bbdefault\u00a0\u00bb max_width=\u00a0\u00bb1500px\u00a0\u00bb custom_margin=\u00a0\u00bb50px|auto|50px|auto|true|false\u00a0\u00bb custom_padding=\u00a0\u00bb50px|25px|50px|25px|true|true\u00a0\u00bb border_radii=\u00a0\u00bbon|7px|7px|7px|7px\u00a0\u00bb box_shadow_style=\u00a0\u00bbpreset1&Prime; global_colors_info=\u00a0\u00bb{}\u00a0\u00bb][et_pb_column type=\u00a0\u00bb1_4&Prime; _builder_version=\u00a0\u00bb4.19.4&Prime; _module_preset=\u00a0\u00bbdefault\u00a0\u00bb custom_padding=\u00a0\u00bb30px|0px||8px|false|false\u00a0\u00bb global_colors_info=\u00a0\u00bb{}\u00a0\u00bb][et_pb_image src=\u00a0\u00bbhttps:\/\/ekium-automation.com\/wp-content\/uploads\/2025\/07\/logos-partenaires-site-web-automation_Plan-de-travail-1-copie-6.png\u00a0\u00bb title_text=\u00a0\u00bblogos partenaires site web automation_Plan de travail 1 copie 6&Prime; url=\u00a0\u00bbhttps:\/\/ekium-automation.com\/copa-data\/\u00a0\u00bb align=\u00a0\u00bbcenter\u00a0\u00bb _builder_version=\u00a0\u00bb4.19.4&Prime; _module_preset=\u00a0\u00bbdefault\u00a0\u00bb module_alignment=\u00a0\u00bbcenter\u00a0\u00bb custom_margin=\u00a0\u00bb1px||||false|false\u00a0\u00bb custom_padding=\u00a0\u00bb||||false|false\u00a0\u00bb hover_enabled=\u00a0\u00bb0&Prime; global_colors_info=\u00a0\u00bb{}\u00a0\u00bb sticky_enabled=\u00a0\u00bb0&Prime;][\/et_pb_image][\/et_pb_column][et_pb_column type=\u00a0\u00bb3_4&Prime; _builder_version=\u00a0\u00bb4.19.4&Prime; _module_preset=\u00a0\u00bbdefault\u00a0\u00bb global_colors_info=\u00a0\u00bb{}\u00a0\u00bb][et_pb_text _builder_version=\u00a0\u00bb4.19.4&Prime; _module_preset=\u00a0\u00bbdefault\u00a0\u00bb text_font=\u00a0\u00bb|700|||||||\u00a0\u00bb text_text_color=\u00a0\u00bb#000000&Prime; text_font_size=\u00a0\u00bb20px\u00a0\u00bb custom_margin=\u00a0\u00bb26px||12px|||\u00a0\u00bb link_option_url=\u00a0\u00bbhttps:\/\/ekium-automation.com\/integrateur-cip-certified-panorama\/\u00a0\u00bb global_colors_info=\u00a0\u00bb{}\u00a0\u00bb]<\/p>\n<p>Ekium Bronze Partner COPA-DATA<\/p>\n<p>[\/et_pb_text][et_pb_text _builder_version=\u00a0\u00bb4.19.4&Prime; _module_preset=\u00a0\u00bbdefault\u00a0\u00bb text_text_color=\u00a0\u00bb#000000&Prime; text_font_size=\u00a0\u00bb15px\u00a0\u00bb custom_margin=\u00a0\u00bb||24px|||\u00a0\u00bb global_colors_info=\u00a0\u00bb{}\u00a0\u00bb]<\/p>\n<p><span>A partner of COPA-DATA for several years,\u00a0<\/span><b>Ekium<\/b><span>\u00a0has demonstrated ongoing expertise in implementing solutions based on the platform\u00a0<\/span><b>Zenon<\/b><span>. This partnership reflects a relationship of trust, built around high value-added industrial projects in sectors such as life sciences, energy, chemistry, and agri-food.<\/span><\/p>\n<p>[\/et_pb_text][et_pb_button button_url=\u00a0\u00bbhttps:\/\/ekium-automation.com\/copa-data\/\u00a0\u00bb button_text=\u00a0\u00bbVoir d\u00e9tails\u00a0\u00bb _builder_version=\u00a0\u00bb4.19.4&Prime; _module_preset=\u00a0\u00bbdefault\u00a0\u00bb custom_button=\u00a0\u00bbon\u00a0\u00bb button_text_size=\u00a0\u00bb16px\u00a0\u00bb button_text_color=\u00a0\u00bbgcid-0a4b92a8-282c-43c3-b0a4-3f06cf73e5c5&Prime; hover_enabled=\u00a0\u00bb0&Prime; global_colors_info=\u00a0\u00bb{%22gcid-0a4b92a8-282c-43c3-b0a4-3f06cf73e5c5%22:%91%22button_text_color%22%93}\u00a0\u00bb sticky_enabled=\u00a0\u00bb0&Prime;][\/et_pb_button][\/et_pb_column][\/et_pb_row][et_pb_row column_structure=\u00a0\u00bb1_2,1_2&Prime; _builder_version=\u00a0\u00bb4.19.4&Prime; _module_preset=\u00a0\u00bbdefault\u00a0\u00bb max_width=\u00a0\u00bb1550px\u00a0\u00bb custom_margin=\u00a0\u00bb-6px|auto|-6px|auto|true|true\u00a0\u00bb custom_padding=\u00a0\u00bb14px|14px|14px|14px|true|true\u00a0\u00bb border_radii=\u00a0\u00bbon|7px|7px|7px|7px\u00a0\u00bb global_colors_info=\u00a0\u00bb{}\u00a0\u00bb][et_pb_column type=\u00a0\u00bb1_2&Prime; _builder_version=\u00a0\u00bb4.19.4&Prime; _module_preset=\u00a0\u00bbdefault\u00a0\u00bb custom_padding=\u00a0\u00bb18px|0px|18px|8px|true|false\u00a0\u00bb border_radii=\u00a0\u00bbon|6px|6px|6px|6px\u00a0\u00bb box_shadow_style=\u00a0\u00bbpreset1&Prime; global_colors_info=\u00a0\u00bb{}\u00a0\u00bb][et_pb_image src=\u00a0\u00bbhttps:\/\/ekium-automation.com\/wp-content\/uploads\/2024\/05\/Siemens-Opcenter-Image.png\u00a0\u00bb title_text=\u00a0\u00bbSiemens-Opcenter-Image\u00a0\u00bb url=\u00a0\u00bbhttps:\/\/www.partnerfinder.automation.siemens.com\/s\/siemens-partner-finder?language=en_US&#038;c__partnerType=Solution%2520Partner&#038;c__keyword=ekium&#038;c__distanceCode=100&Prime; url_new_window=\u00a0\u00bbon\u00a0\u00bb align=\u00a0\u00bbcenter\u00a0\u00bb _builder_version=\u00a0\u00bb4.19.4&Prime; _module_preset=\u00a0\u00bbdefault\u00a0\u00bb max_width=\u00a0\u00bb19%\u00a0\u00bb module_alignment=\u00a0\u00bbcenter\u00a0\u00bb custom_margin=\u00a0\u00bb0px||0px||true|false\u00a0\u00bb custom_padding=\u00a0\u00bb||||false|false\u00a0\u00bb hover_enabled=\u00a0\u00bb0&Prime; global_colors_info=\u00a0\u00bb{}\u00a0\u00bb sticky_enabled=\u00a0\u00bb0&Prime;][\/et_pb_image][\/et_pb_column][et_pb_column type=\u00a0\u00bb1_2&Prime; _builder_version=\u00a0\u00bb4.19.4&Prime; _module_preset=\u00a0\u00bbdefault\u00a0\u00bb custom_padding=\u00a0\u00bb50px|0px|50px|8px|true|false\u00a0\u00bb border_radii=\u00a0\u00bbon|6px|6px|6px|6px\u00a0\u00bb box_shadow_style=\u00a0\u00bbpreset1&Prime; global_colors_info=\u00a0\u00bb{}\u00a0\u00bb][et_pb_image src=\u00a0\u00bbhttps:\/\/ekium-automation.com\/wp-content\/uploads\/2024\/07\/2019_Logo_rgb_RA_Bug-LeftText_color-1.png\u00a0\u00bb title_text=\u00a0\u00bb2019_Logo_rgb_RA_Bug-LeftText_color 1&Prime; url=\u00a0\u00bbhttps:\/\/www.rockwellautomation.com\/fr-fr.html\u00a0\u00bb url_new_window=\u00a0\u00bbon\u00a0\u00bb align=\u00a0\u00bbcenter\u00a0\u00bb _builder_version=\u00a0\u00bb4.19.4&Prime; _module_preset=\u00a0\u00bbdefault\u00a0\u00bb width=\u00a0\u00bb100%\u00a0\u00bb max_width=\u00a0\u00bb100%\u00a0\u00bb module_alignment=\u00a0\u00bbcenter\u00a0\u00bb custom_margin=\u00a0\u00bb0px||||false|false\u00a0\u00bb custom_padding=\u00a0\u00bb0px||0px||true|false\u00a0\u00bb global_colors_info=\u00a0\u00bb{}\u00a0\u00bb][\/et_pb_image][\/et_pb_column][\/et_pb_row][\/et_pb_section]<\/p>","protected":false},"excerpt":{"rendered":"<p>Nos partenariatsSiemens Solution PartnerEkium est Siemens Solution Partner PCS7 et Pharma industrySchneider Partenaire AllianceEKIUM a officiellement int\u00e9gr\u00e9 le programme\u00a0Alliance Partner\u00a0de\u00a0Schneider Electric.Aveva Int\u00e9grateur Excellence 4.0Ekium est partenaire int\u00e9grateur Excellence 4.0Int\u00e9grateur \u00ab\u00a0CIP Certified\u00a0\u00bb PANORAMA &amp; COOXNotre partenariat avec CODRA PANORAMA et COOX, nous permet de proposer des solutions SCADA et MES avanc\u00e9es. Ensemble, nous mettons \u00e0 votre [&hellip;]<\/p>","protected":false},"author":1,"featured_media":0,"parent":0,"menu_order":0,"comment_status":"closed","ping_status":"closed","template":"","meta":{"_et_pb_use_builder":"on","_et_pb_old_content":"<!-- wp:divi\/placeholder \/-->","_et_gb_content_width":"","footnotes":""},"class_list":["post-2061","page","type-page","status-publish","hentry"],"_links":{"self":[{"href":"https:\/\/ekium-automation.com\/en\/wp-json\/wp\/v2\/pages\/2061","targetHints":{"allow":["GET"]}}],"collection":[{"href":"https:\/\/ekium-automation.com\/en\/wp-json\/wp\/v2\/pages"}],"about":[{"href":"https:\/\/ekium-automation.com\/en\/wp-json\/wp\/v2\/types\/page"}],"author":[{"embeddable":true,"href":"https:\/\/ekium-automation.com\/en\/wp-json\/wp\/v2\/users\/1"}],"replies":[{"embeddable":true,"href":"https:\/\/ekium-automation.com\/en\/wp-json\/wp\/v2\/comments?post=2061"}],"version-history":[{"count":63,"href":"https:\/\/ekium-automation.com\/en\/wp-json\/wp\/v2\/pages\/2061\/revisions"}],"predecessor-version":[{"id":2447,"href":"https:\/\/ekium-automation.com\/en\/wp-json\/wp\/v2\/pages\/2061\/revisions\/2447"}],"wp:attachment":[{"href":"https:\/\/ekium-automation.com\/en\/wp-json\/wp\/v2\/media?parent=2061"}],"curies":[{"name":"wp","href":"https:\/\/api.w.org\/{rel}","templated":true}]}}